{"id":10497,"date":"2025-10-22T16:39:45","date_gmt":"2025-10-22T14:39:45","guid":{"rendered":"https:\/\/www.sdh-noveveseli.cz\/home\/?page_id=10497"},"modified":"2025-11-01T23:47:36","modified_gmt":"2025-11-01T22:47:36","slug":"cennik","status":"publish","type":"page","link":"https:\/\/www.sdh-noveveseli.cz\/home\/cennik\/","title":{"rendered":"CENN\u00cdK"},"content":{"rendered":"\t\t<div data-elementor-type=\"wp-page\" data-elementor-id=\"10497\" class=\"elementor elementor-10497\">\n\t\t\t\t\t\t<section class=\"elementor-section elementor-top-section elementor-element elementor-element-fd25cf2 elementor-section-height-min-height elementor-section-boxed elementor-section-height-default elementor-section-items-middle\" data-id=\"fd25cf2\" data-element_type=\"section\" data-e-type=\"section\">\n\t\t\t\t\t\t<div class=\"elementor-container elementor-column-gap-default\">\n\t\t\t\t\t<div class=\"elementor-column elementor-col-100 elementor-top-column elementor-element elementor-element-964a4a0\" data-id=\"964a4a0\" data-element_type=\"column\" data-e-type=\"column\">\n\t\t\t<div class=\"elementor-widget-wrap elementor-element-populated\">\n\t\t\t\t\t\t<div class=\"elementor-element elementor-element-9b34d1e elementor-invisible elementor-widget elementor-widget-image\" data-id=\"9b34d1e\" data-element_type=\"widget\" data-e-type=\"widget\" data-settings=\"{&quot;_animation&quot;:&quot;fadeInUp&quot;}\" data-widget_type=\"image.default\">\n\t\t\t\t\t\t\t\t\t\t\t\t\t\t\t<img fetchpriority=\"high\" decoding=\"async\" width=\"1726\" height=\"294\" src=\"https:\/\/www.sdh-noveveseli.cz\/wp-content\/uploads\/2025\/10\/Snimek-obrazovky-2025-10-22-184104.png\" class=\"attachment-2048x2048 size-2048x2048 wp-image-10574\" alt=\"\" srcset=\"https:\/\/www.sdh-noveveseli.cz\/wp-content\/uploads\/2025\/10\/Snimek-obrazovky-2025-10-22-184104.png 1726w, https:\/\/www.sdh-noveveseli.cz\/wp-content\/uploads\/2025\/10\/Snimek-obrazovky-2025-10-22-184104-300x51.png 300w, https:\/\/www.sdh-noveveseli.cz\/wp-content\/uploads\/2025\/10\/Snimek-obrazovky-2025-10-22-184104-1024x174.png 1024w, https:\/\/www.sdh-noveveseli.cz\/wp-content\/uploads\/2025\/10\/Snimek-obrazovky-2025-10-22-184104-768x131.png 768w, https:\/\/www.sdh-noveveseli.cz\/wp-content\/uploads\/2025\/10\/Snimek-obrazovky-2025-10-22-184104-1536x262.png 1536w, https:\/\/www.sdh-noveveseli.cz\/wp-content\/uploads\/2025\/10\/Snimek-obrazovky-2025-10-22-184104-676x115.png 676w\" sizes=\"(max-width: 1726px) 100vw, 1726px\" \/>\t\t\t\t\t\t\t\t\t\t\t\t\t\t\t<\/div>\n\t\t\t\t\t<\/div>\n\t\t<\/div>\n\t\t\t\t\t<\/div>\n\t\t<\/section>\n\t\t<div class=\"elementor-element elementor-element-17e04eb e-flex e-con-boxed e-con e-parent\" data-id=\"17e04eb\" data-element_type=\"container\" data-e-type=\"container\">\n\t\t\t\t\t<div class=\"e-con-inner\">\n\t\t\t\t<div class=\"elementor-element elementor-element-686cd9e elementor-widget-divider--view-line_text elementor-widget-divider--element-align-center elementor-widget elementor-widget-divider\" data-id=\"686cd9e\" data-element_type=\"widget\" data-e-type=\"widget\" data-widget_type=\"divider.default\">\n\t\t\t\t\t\t\t<div class=\"elementor-divider\">\n\t\t\t<span class=\"elementor-divider-separator\">\n\t\t\t\t\t\t\t<span class=\"elementor-divider__text elementor-divider__element\">\n\t\t\t\tP\u0159\u00edjemn\u00e9 ubytov\u00e1n\u00ed v srdci Vyso\u010diny\t\t\t\t<\/span>\n\t\t\t\t\t\t<\/span>\n\t\t<\/div>\n\t\t\t\t\t\t<\/div>\n\t\t\t\t<div class=\"elementor-element elementor-element-64f2a23 hfe-nav-menu__breakpoint-mobile hfe-submenu-icon-arrow hfe-submenu-animation-none hfe-link-redirect-child elementor-widget elementor-widget-navigation-menu\" data-id=\"64f2a23\" data-element_type=\"widget\" data-e-type=\"widget\" data-settings=\"{&quot;padding_horizontal_menu_item&quot;:{&quot;unit&quot;:&quot;px&quot;,&quot;size&quot;:36,&quot;sizes&quot;:[]},&quot;padding_vertical_menu_item&quot;:{&quot;unit&quot;:&quot;px&quot;,&quot;size&quot;:8,&quot;sizes&quot;:[]},&quot;menu_space_between&quot;:{&quot;unit&quot;:&quot;px&quot;,&quot;size&quot;:15,&quot;sizes&quot;:[]},&quot;menu_row_space&quot;:{&quot;unit&quot;:&quot;px&quot;,&quot;size&quot;:0,&quot;sizes&quot;:[]},&quot;width_dropdown_item&quot;:{&quot;unit&quot;:&quot;px&quot;,&quot;size&quot;:244,&quot;sizes&quot;:[]},&quot;toggle_size&quot;:{&quot;unit&quot;:&quot;px&quot;,&quot;size&quot;:15,&quot;sizes&quot;:[]},&quot;toggle_border_width&quot;:{&quot;unit&quot;:&quot;px&quot;,&quot;size&quot;:0,&quot;sizes&quot;:[]},&quot;toggle_border_radius&quot;:{&quot;unit&quot;:&quot;px&quot;,&quot;size&quot;:0,&quot;sizes&quot;:[]},&quot;padding_horizontal_menu_item_mobile&quot;:{&quot;unit&quot;:&quot;px&quot;,&quot;size&quot;:36,&quot;sizes&quot;:[]},&quot;padding_vertical_menu_item_mobile&quot;:{&quot;unit&quot;:&quot;px&quot;,&quot;size&quot;:0,&quot;sizes&quot;:[]},&quot;menu_space_between_mobile&quot;:{&quot;unit&quot;:&quot;px&quot;,&quot;size&quot;:0,&quot;sizes&quot;:[]},&quot;_animation_mobile&quot;:&quot;zoomInDown&quot;,&quot;padding_horizontal_menu_item_tablet&quot;:{&quot;unit&quot;:&quot;px&quot;,&quot;size&quot;:&quot;&quot;,&quot;sizes&quot;:[]},&quot;padding_vertical_menu_item_tablet&quot;:{&quot;unit&quot;:&quot;px&quot;,&quot;size&quot;:&quot;&quot;,&quot;sizes&quot;:[]},&quot;menu_space_between_tablet&quot;:{&quot;unit&quot;:&quot;px&quot;,&quot;size&quot;:&quot;&quot;,&quot;sizes&quot;:[]},&quot;menu_row_space_tablet&quot;:{&quot;unit&quot;:&quot;px&quot;,&quot;size&quot;:&quot;&quot;,&quot;sizes&quot;:[]},&quot;menu_row_space_mobile&quot;:{&quot;unit&quot;:&quot;px&quot;,&quot;size&quot;:&quot;&quot;,&quot;sizes&quot;:[]},&quot;dropdown_border_radius&quot;:{&quot;unit&quot;:&quot;px&quot;,&quot;top&quot;:&quot;&quot;,&quot;right&quot;:&quot;&quot;,&quot;bottom&quot;:&quot;&quot;,&quot;left&quot;:&quot;&quot;,&quot;isLinked&quot;:true},&quot;dropdown_border_radius_tablet&quot;:{&quot;unit&quot;:&quot;px&quot;,&quot;top&quot;:&quot;&quot;,&quot;right&quot;:&quot;&quot;,&quot;bottom&quot;:&quot;&quot;,&quot;left&quot;:&quot;&quot;,&quot;isLinked&quot;:true},&quot;dropdown_border_radius_mobile&quot;:{&quot;unit&quot;:&quot;px&quot;,&quot;top&quot;:&quot;&quot;,&quot;right&quot;:&quot;&quot;,&quot;bottom&quot;:&quot;&quot;,&quot;left&quot;:&quot;&quot;,&quot;isLinked&quot;:true},&quot;width_dropdown_item_tablet&quot;:{&quot;unit&quot;:&quot;px&quot;,&quot;size&quot;:&quot;&quot;,&quot;sizes&quot;:[]},&quot;width_dropdown_item_mobile&quot;:{&quot;unit&quot;:&quot;px&quot;,&quot;size&quot;:&quot;&quot;,&quot;sizes&quot;:[]},&quot;padding_horizontal_dropdown_item&quot;:{&quot;unit&quot;:&quot;px&quot;,&quot;size&quot;:&quot;&quot;,&quot;sizes&quot;:[]},&quot;padding_horizontal_dropdown_item_tablet&quot;:{&quot;unit&quot;:&quot;px&quot;,&quot;size&quot;:&quot;&quot;,&quot;sizes&quot;:[]},&quot;padding_horizontal_dropdown_item_mobile&quot;:{&quot;unit&quot;:&quot;px&quot;,&quot;size&quot;:&quot;&quot;,&quot;sizes&quot;:[]},&quot;padding_vertical_dropdown_item&quot;:{&quot;unit&quot;:&quot;px&quot;,&quot;size&quot;:15,&quot;sizes&quot;:[]},&quot;padding_vertical_dropdown_item_tablet&quot;:{&quot;unit&quot;:&quot;px&quot;,&quot;size&quot;:&quot;&quot;,&quot;sizes&quot;:[]},&quot;padding_vertical_dropdown_item_mobile&quot;:{&quot;unit&quot;:&quot;px&quot;,&quot;size&quot;:&quot;&quot;,&quot;sizes&quot;:[]},&quot;distance_from_menu&quot;:{&quot;unit&quot;:&quot;px&quot;,&quot;size&quot;:&quot;&quot;,&quot;sizes&quot;:[]},&quot;distance_from_menu_tablet&quot;:{&quot;unit&quot;:&quot;px&quot;,&quot;size&quot;:&quot;&quot;,&quot;sizes&quot;:[]},&quot;distance_from_menu_mobile&quot;:{&quot;unit&quot;:&quot;px&quot;,&quot;size&quot;:&quot;&quot;,&quot;sizes&quot;:[]},&quot;toggle_size_tablet&quot;:{&quot;unit&quot;:&quot;px&quot;,&quot;size&quot;:&quot;&quot;,&quot;sizes&quot;:[]},&quot;toggle_size_mobile&quot;:{&quot;unit&quot;:&quot;px&quot;,&quot;size&quot;:&quot;&quot;,&quot;sizes&quot;:[]},&quot;toggle_border_width_tablet&quot;:{&quot;unit&quot;:&quot;px&quot;,&quot;size&quot;:&quot;&quot;,&quot;sizes&quot;:[]},&quot;toggle_border_width_mobile&quot;:{&quot;unit&quot;:&quot;px&quot;,&quot;size&quot;:&quot;&quot;,&quot;sizes&quot;:[]},&quot;toggle_border_radius_tablet&quot;:{&quot;unit&quot;:&quot;px&quot;,&quot;size&quot;:&quot;&quot;,&quot;sizes&quot;:[]},&quot;toggle_border_radius_mobile&quot;:{&quot;unit&quot;:&quot;px&quot;,&quot;size&quot;:&quot;&quot;,&quot;sizes&quot;:[]}}\" data-widget_type=\"navigation-menu.default\">\n\t\t\t\t<div class=\"elementor-widget-container\">\n\t\t\t\t\t\t\t\t<div class=\"hfe-nav-menu hfe-layout-horizontal hfe-nav-menu-layout horizontal hfe-pointer__none\" data-layout=\"horizontal\">\n\t\t\t\t<div role=\"button\" class=\"hfe-nav-menu__toggle elementor-clickable\">\n\t\t\t\t\t<span class=\"screen-reader-text\">Menu<\/span>\n\t\t\t\t\t<div class=\"hfe-nav-menu-icon\">\n\t\t\t\t\t\t<svg aria-hidden=\"true\"  class=\"e-font-icon-svg e-fas-align-justify\" viewBox=\"0 0 448 512\" xmlns=\"http:\/\/www.w3.org\/2000\/svg\"><path d=\"M432 416H16a16 16 0 0 0-16 16v32a16 16 0 0 0 16 16h416a16 16 0 0 0 16-16v-32a16 16 0 0 0-16-16zm0-128H16a16 16 0 0 0-16 16v32a16 16 0 0 0 16 16h416a16 16 0 0 0 16-16v-32a16 16 0 0 0-16-16zm0-128H16a16 16 0 0 0-16 16v32a16 16 0 0 0 16 16h416a16 16 0 0 0 16-16v-32a16 16 0 0 0-16-16zm0-128H16A16 16 0 0 0 0 48v32a16 16 0 0 0 16 16h416a16 16 0 0 0 16-16V48a16 16 0 0 0-16-16z\"><\/path><\/svg>\t\t\t\t\t<\/div>\n\t\t\t\t<\/div>\n\t\t\t\t<nav itemscope=\"itemscope\" itemtype=\"https:\/\/schema.org\/SiteNavigationElement\" class=\"hfe-nav-menu__layout-horizontal hfe-nav-menu__submenu-arrow\" data-toggle-icon=\"&lt;svg aria-hidden=&quot;true&quot; tabindex=&quot;0&quot; class=&quot;e-font-icon-svg e-fas-align-justify&quot; viewBox=&quot;0 0 448 512&quot; xmlns=&quot;http:\/\/www.w3.org\/2000\/svg&quot;&gt;&lt;path d=&quot;M432 416H16a16 16 0 0 0-16 16v32a16 16 0 0 0 16 16h416a16 16 0 0 0 16-16v-32a16 16 0 0 0-16-16zm0-128H16a16 16 0 0 0-16 16v32a16 16 0 0 0 16 16h416a16 16 0 0 0 16-16v-32a16 16 0 0 0-16-16zm0-128H16a16 16 0 0 0-16 16v32a16 16 0 0 0 16 16h416a16 16 0 0 0 16-16v-32a16 16 0 0 0-16-16zm0-128H16A16 16 0 0 0 0 48v32a16 16 0 0 0 16 16h416a16 16 0 0 0 16-16V48a16 16 0 0 0-16-16z&quot;&gt;&lt;\/path&gt;&lt;\/svg&gt;\" data-close-icon=\"&lt;svg aria-hidden=&quot;true&quot; tabindex=&quot;0&quot; class=&quot;e-font-icon-svg e-far-window-close&quot; viewBox=&quot;0 0 512 512&quot; xmlns=&quot;http:\/\/www.w3.org\/2000\/svg&quot;&gt;&lt;path d=&quot;M464 32H48C21.5 32 0 53.5 0 80v352c0 26.5 21.5 48 48 48h416c26.5 0 48-21.5 48-48V80c0-26.5-21.5-48-48-48zm0 394c0 3.3-2.7 6-6 6H54c-3.3 0-6-2.7-6-6V86c0-3.3 2.7-6 6-6h404c3.3 0 6 2.7 6 6v340zM356.5 194.6L295.1 256l61.4 61.4c4.6 4.6 4.6 12.1 0 16.8l-22.3 22.3c-4.6 4.6-12.1 4.6-16.8 0L256 295.1l-61.4 61.4c-4.6 4.6-12.1 4.6-16.8 0l-22.3-22.3c-4.6-4.6-4.6-12.1 0-16.8l61.4-61.4-61.4-61.4c-4.6-4.6-4.6-12.1 0-16.8l22.3-22.3c4.6-4.6 12.1-4.6 16.8 0l61.4 61.4 61.4-61.4c4.6-4.6 12.1-4.6 16.8 0l22.3 22.3c4.7 4.6 4.7 12.1 0 16.8z&quot;&gt;&lt;\/path&gt;&lt;\/svg&gt;\" data-full-width=\"\">\n\t\t\t\t\t<ul id=\"menu-1-64f2a23\" class=\"hfe-nav-menu\"><li id=\"menu-item-10514\" itemprop=\"name\" class=\"menu-item menu-item-type-post_type menu-item-object-page parent hfe-creative-menu\"><a href=\"https:\/\/www.sdh-noveveseli.cz\/home\/u-mostu\/\" itemprop=\"url\" class = \"hfe-menu-item\">\u00daVOD<\/a><\/li>\n<li id=\"menu-item-10506\" itemprop=\"name\" class=\"menu-item menu-item-type-post_type menu-item-object-page parent hfe-creative-menu\"><a href=\"https:\/\/www.sdh-noveveseli.cz\/home\/ubytovani\/\" itemprop=\"url\" class = \"hfe-menu-item\">UBYTOV\u00c1N\u00cd<\/a><\/li>\n<li id=\"menu-item-10507\" itemprop=\"name\" class=\"menu-item menu-item-type-post_type menu-item-object-page parent hfe-creative-menu\"><a href=\"https:\/\/www.sdh-noveveseli.cz\/home\/stodola\/\" itemprop=\"url\" class = \"hfe-menu-item\">STODOLA<\/a><\/li>\n<li id=\"menu-item-10508\" itemprop=\"name\" class=\"menu-item menu-item-type-post_type menu-item-object-page parent hfe-creative-menu\"><a href=\"https:\/\/www.sdh-noveveseli.cz\/home\/cennik\/\" itemprop=\"url\" class = \"hfe-menu-item\">CENN\u00cdK<\/a><\/li>\n<li id=\"menu-item-10509\" itemprop=\"name\" class=\"menu-item menu-item-type-post_type menu-item-object-page parent hfe-creative-menu\"><a href=\"https:\/\/www.sdh-noveveseli.cz\/home\/rezervace-a-kontakt\/\" itemprop=\"url\" class = \"hfe-menu-item\">REZERVACE A KONTAKT<\/a><\/li>\n<\/ul> \n\t\t\t\t<\/nav>\n\t\t\t<\/div>\n\t\t\t\t\t\t\t<\/div>\n\t\t\t\t<\/div>\n\t\t\t\t\t<\/div>\n\t\t\t\t<\/div>\n\t\t\t\t<\/div>\n\t\t","protected":false},"excerpt":{"rendered":"<p>P\u0159\u00edjemn\u00e9 ubytov\u00e1n\u00ed v srdci Vyso\u010diny Menu \u00daVOD UBYTOV\u00c1N\u00cd STODOLA CENN\u00cdK REZERVACE A KONTAKT<\/p>\n","protected":false},"author":30,"featured_media":0,"parent":0,"menu_order":0,"comment_status":"closed","ping_status":"closed","template":"elementor_canvas","meta":{"footnotes":""},"class_list":["post-10497","page","type-page","status-publish","hentry","post-preview"],"yoast_head":"<!-- This site is optimized with the Yoast SEO plugin v27.4 - https:\/\/yoast.com\/product\/yoast-seo-wordpress\/ -->\n<title>CENN\u00cdK - SDH Nov\u00e9 Vesel\u00ed<\/title>\n<meta name=\"robots\" content=\"index, follow, max-snippet:-1, max-image-preview:large, max-video-preview:-1\" \/>\n<link rel=\"canonical\" href=\"https:\/\/www.sdh-noveveseli.cz\/home\/cennik\/\" \/>\n<meta property=\"og:locale\" content=\"cs_CZ\" \/>\n<meta property=\"og:type\" content=\"article\" \/>\n<meta property=\"og:title\" content=\"CENN\u00cdK - SDH Nov\u00e9 Vesel\u00ed\" \/>\n<meta property=\"og:description\" content=\"P\u0159\u00edjemn\u00e9 ubytov\u00e1n\u00ed v srdci Vyso\u010diny Menu \u00daVOD UBYTOV\u00c1N\u00cd STODOLA CENN\u00cdK REZERVACE A KONTAKT\" \/>\n<meta property=\"og:url\" content=\"https:\/\/www.sdh-noveveseli.cz\/home\/cennik\/\" \/>\n<meta property=\"og:site_name\" content=\"SDH Nov\u00e9 Vesel\u00ed\" \/>\n<meta property=\"article:publisher\" content=\"https:\/\/www.facebook.com\/sdhnoveveseli\" \/>\n<meta property=\"article:modified_time\" content=\"2025-11-01T22:47:36+00:00\" \/>\n<meta property=\"og:image\" content=\"https:\/\/www.sdh-noveveseli.cz\/wp-content\/uploads\/2025\/10\/Snimek-obrazovky-2025-10-22-184104.png\" \/>\n\t<meta property=\"og:image:width\" content=\"1726\" \/>\n\t<meta property=\"og:image:height\" content=\"294\" \/>\n\t<meta property=\"og:image:type\" content=\"image\/png\" \/>\n<meta name=\"twitter:card\" content=\"summary_large_image\" \/>\n<meta name=\"twitter:label1\" content=\"Odhadovan\u00e1 doba \u010dten\u00ed\" \/>\n\t<meta name=\"twitter:data1\" content=\"1 minuta\" \/>\n<script type=\"application\/ld+json\" class=\"yoast-schema-graph\">{\"@context\":\"https:\\\/\\\/schema.org\",\"@graph\":[{\"@type\":\"WebPage\",\"@id\":\"https:\\\/\\\/www.sdh-noveveseli.cz\\\/home\\\/cennik\\\/\",\"url\":\"https:\\\/\\\/www.sdh-noveveseli.cz\\\/home\\\/cennik\\\/\",\"name\":\"CENN\u00cdK - SDH Nov\u00e9 Vesel\u00ed\",\"isPartOf\":{\"@id\":\"https:\\\/\\\/www.sdh-noveveseli.cz\\\/home\\\/#website\"},\"primaryImageOfPage\":{\"@id\":\"https:\\\/\\\/www.sdh-noveveseli.cz\\\/home\\\/cennik\\\/#primaryimage\"},\"image\":{\"@id\":\"https:\\\/\\\/www.sdh-noveveseli.cz\\\/home\\\/cennik\\\/#primaryimage\"},\"thumbnailUrl\":\"https:\\\/\\\/www.sdh-noveveseli.cz\\\/wp-content\\\/uploads\\\/2025\\\/10\\\/Snimek-obrazovky-2025-10-22-184104.png\",\"datePublished\":\"2025-10-22T14:39:45+00:00\",\"dateModified\":\"2025-11-01T22:47:36+00:00\",\"breadcrumb\":{\"@id\":\"https:\\\/\\\/www.sdh-noveveseli.cz\\\/home\\\/cennik\\\/#breadcrumb\"},\"inLanguage\":\"cs\",\"potentialAction\":[{\"@type\":\"ReadAction\",\"target\":[\"https:\\\/\\\/www.sdh-noveveseli.cz\\\/home\\\/cennik\\\/\"]}]},{\"@type\":\"ImageObject\",\"inLanguage\":\"cs\",\"@id\":\"https:\\\/\\\/www.sdh-noveveseli.cz\\\/home\\\/cennik\\\/#primaryimage\",\"url\":\"https:\\\/\\\/www.sdh-noveveseli.cz\\\/wp-content\\\/uploads\\\/2025\\\/10\\\/Snimek-obrazovky-2025-10-22-184104.png\",\"contentUrl\":\"https:\\\/\\\/www.sdh-noveveseli.cz\\\/wp-content\\\/uploads\\\/2025\\\/10\\\/Snimek-obrazovky-2025-10-22-184104.png\"},{\"@type\":\"BreadcrumbList\",\"@id\":\"https:\\\/\\\/www.sdh-noveveseli.cz\\\/home\\\/cennik\\\/#breadcrumb\",\"itemListElement\":[{\"@type\":\"ListItem\",\"position\":1,\"name\":\"Dom\u016f\",\"item\":\"https:\\\/\\\/www.sdh-noveveseli.cz\\\/home\\\/\"},{\"@type\":\"ListItem\",\"position\":2,\"name\":\"CENN\u00cdK\"}]},{\"@type\":\"WebSite\",\"@id\":\"https:\\\/\\\/www.sdh-noveveseli.cz\\\/home\\\/#website\",\"url\":\"https:\\\/\\\/www.sdh-noveveseli.cz\\\/home\\\/\",\"name\":\"SDH Nov\u00e9 Vesel\u00ed\",\"description\":\"1891\",\"publisher\":{\"@id\":\"https:\\\/\\\/www.sdh-noveveseli.cz\\\/home\\\/#organization\"},\"alternateName\":\"SDH NV\",\"potentialAction\":[{\"@type\":\"SearchAction\",\"target\":{\"@type\":\"EntryPoint\",\"urlTemplate\":\"https:\\\/\\\/www.sdh-noveveseli.cz\\\/home\\\/?s={search_term_string}\"},\"query-input\":{\"@type\":\"PropertyValueSpecification\",\"valueRequired\":true,\"valueName\":\"search_term_string\"}}],\"inLanguage\":\"cs\"},{\"@type\":\"Organization\",\"@id\":\"https:\\\/\\\/www.sdh-noveveseli.cz\\\/home\\\/#organization\",\"name\":\"SDH Nov\u00e9 Vesel\u00ed\",\"alternateName\":\"SDH NV\",\"url\":\"https:\\\/\\\/www.sdh-noveveseli.cz\\\/home\\\/\",\"logo\":{\"@type\":\"ImageObject\",\"inLanguage\":\"cs\",\"@id\":\"https:\\\/\\\/www.sdh-noveveseli.cz\\\/home\\\/#\\\/schema\\\/logo\\\/image\\\/\",\"url\":\"https:\\\/\\\/www.sdh-noveveseli.cz\\\/wp-content\\\/uploads\\\/2023\\\/02\\\/cropped-SDH-Nove-Veseli-obrazkovy-format.png\",\"contentUrl\":\"https:\\\/\\\/www.sdh-noveveseli.cz\\\/wp-content\\\/uploads\\\/2023\\\/02\\\/cropped-SDH-Nove-Veseli-obrazkovy-format.png\",\"width\":512,\"height\":512,\"caption\":\"SDH Nov\u00e9 Vesel\u00ed\"},\"image\":{\"@id\":\"https:\\\/\\\/www.sdh-noveveseli.cz\\\/home\\\/#\\\/schema\\\/logo\\\/image\\\/\"},\"sameAs\":[\"https:\\\/\\\/www.facebook.com\\\/sdhnoveveseli\"]}]}<\/script>\n<!-- \/ Yoast SEO plugin. -->","yoast_head_json":{"title":"CENN\u00cdK - SDH Nov\u00e9 Vesel\u00ed","robots":{"index":"index","follow":"follow","max-snippet":"max-snippet:-1","max-image-preview":"max-image-preview:large","max-video-preview":"max-video-preview:-1"},"canonical":"https:\/\/www.sdh-noveveseli.cz\/home\/cennik\/","og_locale":"cs_CZ","og_type":"article","og_title":"CENN\u00cdK - SDH Nov\u00e9 Vesel\u00ed","og_description":"P\u0159\u00edjemn\u00e9 ubytov\u00e1n\u00ed v srdci Vyso\u010diny Menu \u00daVOD UBYTOV\u00c1N\u00cd STODOLA CENN\u00cdK REZERVACE A KONTAKT","og_url":"https:\/\/www.sdh-noveveseli.cz\/home\/cennik\/","og_site_name":"SDH Nov\u00e9 Vesel\u00ed","article_publisher":"https:\/\/www.facebook.com\/sdhnoveveseli","article_modified_time":"2025-11-01T22:47:36+00:00","og_image":[{"width":1726,"height":294,"url":"https:\/\/www.sdh-noveveseli.cz\/wp-content\/uploads\/2025\/10\/Snimek-obrazovky-2025-10-22-184104.png","type":"image\/png"}],"twitter_card":"summary_large_image","twitter_misc":{"Odhadovan\u00e1 doba \u010dten\u00ed":"1 minuta"},"schema":{"@context":"https:\/\/schema.org","@graph":[{"@type":"WebPage","@id":"https:\/\/www.sdh-noveveseli.cz\/home\/cennik\/","url":"https:\/\/www.sdh-noveveseli.cz\/home\/cennik\/","name":"CENN\u00cdK - SDH Nov\u00e9 Vesel\u00ed","isPartOf":{"@id":"https:\/\/www.sdh-noveveseli.cz\/home\/#website"},"primaryImageOfPage":{"@id":"https:\/\/www.sdh-noveveseli.cz\/home\/cennik\/#primaryimage"},"image":{"@id":"https:\/\/www.sdh-noveveseli.cz\/home\/cennik\/#primaryimage"},"thumbnailUrl":"https:\/\/www.sdh-noveveseli.cz\/wp-content\/uploads\/2025\/10\/Snimek-obrazovky-2025-10-22-184104.png","datePublished":"2025-10-22T14:39:45+00:00","dateModified":"2025-11-01T22:47:36+00:00","breadcrumb":{"@id":"https:\/\/www.sdh-noveveseli.cz\/home\/cennik\/#breadcrumb"},"inLanguage":"cs","potentialAction":[{"@type":"ReadAction","target":["https:\/\/www.sdh-noveveseli.cz\/home\/cennik\/"]}]},{"@type":"ImageObject","inLanguage":"cs","@id":"https:\/\/www.sdh-noveveseli.cz\/home\/cennik\/#primaryimage","url":"https:\/\/www.sdh-noveveseli.cz\/wp-content\/uploads\/2025\/10\/Snimek-obrazovky-2025-10-22-184104.png","contentUrl":"https:\/\/www.sdh-noveveseli.cz\/wp-content\/uploads\/2025\/10\/Snimek-obrazovky-2025-10-22-184104.png"},{"@type":"BreadcrumbList","@id":"https:\/\/www.sdh-noveveseli.cz\/home\/cennik\/#breadcrumb","itemListElement":[{"@type":"ListItem","position":1,"name":"Dom\u016f","item":"https:\/\/www.sdh-noveveseli.cz\/home\/"},{"@type":"ListItem","position":2,"name":"CENN\u00cdK"}]},{"@type":"WebSite","@id":"https:\/\/www.sdh-noveveseli.cz\/home\/#website","url":"https:\/\/www.sdh-noveveseli.cz\/home\/","name":"SDH Nov\u00e9 Vesel\u00ed","description":"1891","publisher":{"@id":"https:\/\/www.sdh-noveveseli.cz\/home\/#organization"},"alternateName":"SDH NV","potentialAction":[{"@type":"SearchAction","target":{"@type":"EntryPoint","urlTemplate":"https:\/\/www.sdh-noveveseli.cz\/home\/?s={search_term_string}"},"query-input":{"@type":"PropertyValueSpecification","valueRequired":true,"valueName":"search_term_string"}}],"inLanguage":"cs"},{"@type":"Organization","@id":"https:\/\/www.sdh-noveveseli.cz\/home\/#organization","name":"SDH Nov\u00e9 Vesel\u00ed","alternateName":"SDH NV","url":"https:\/\/www.sdh-noveveseli.cz\/home\/","logo":{"@type":"ImageObject","inLanguage":"cs","@id":"https:\/\/www.sdh-noveveseli.cz\/home\/#\/schema\/logo\/image\/","url":"https:\/\/www.sdh-noveveseli.cz\/wp-content\/uploads\/2023\/02\/cropped-SDH-Nove-Veseli-obrazkovy-format.png","contentUrl":"https:\/\/www.sdh-noveveseli.cz\/wp-content\/uploads\/2023\/02\/cropped-SDH-Nove-Veseli-obrazkovy-format.png","width":512,"height":512,"caption":"SDH Nov\u00e9 Vesel\u00ed"},"image":{"@id":"https:\/\/www.sdh-noveveseli.cz\/home\/#\/schema\/logo\/image\/"},"sameAs":["https:\/\/www.facebook.com\/sdhnoveveseli"]}]}},"_links":{"self":[{"href":"https:\/\/www.sdh-noveveseli.cz\/home\/wp-json\/wp\/v2\/pages\/10497","targetHints":{"allow":["GET"]}}],"collection":[{"href":"https:\/\/www.sdh-noveveseli.cz\/home\/wp-json\/wp\/v2\/pages"}],"about":[{"href":"https:\/\/www.sdh-noveveseli.cz\/home\/wp-json\/wp\/v2\/types\/page"}],"author":[{"embeddable":true,"href":"https:\/\/www.sdh-noveveseli.cz\/home\/wp-json\/wp\/v2\/users\/30"}],"replies":[{"embeddable":true,"href":"https:\/\/www.sdh-noveveseli.cz\/home\/wp-json\/wp\/v2\/comments?post=10497"}],"version-history":[{"count":5,"href":"https:\/\/www.sdh-noveveseli.cz\/home\/wp-json\/wp\/v2\/pages\/10497\/revisions"}],"predecessor-version":[{"id":10663,"href":"https:\/\/www.sdh-noveveseli.cz\/home\/wp-json\/wp\/v2\/pages\/10497\/revisions\/10663"}],"wp:attachment":[{"href":"https:\/\/www.sdh-noveveseli.cz\/home\/wp-json\/wp\/v2\/media?parent=10497"}],"curies":[{"name":"wp","href":"https:\/\/api.w.org\/{rel}","templated":true}]}}